{"id":690,"date":"2014-01-21T14:31:16","date_gmt":"2014-01-21T13:31:16","guid":{"rendered":"http:\/\/dilettanti.eu\/?page_id=690"},"modified":"2016-06-19T08:05:40","modified_gmt":"2016-06-19T07:05:40","slug":"projekt-gluecksarche","status":"publish","type":"page","link":"https:\/\/dilettanti.eu\/?page_id=690","title":{"rendered":"Projekt Gl\u00fccksarche"},"content":{"rendered":"<p align=\"center\"><strong>Ein holistisches integratives Projekt, das auf seine\u00a0Realisierung wartet!<\/strong><\/p>\n<p align=\"center\"><a href=\"http:\/\/dilettanti.eu\/wp-content\/uploads\/2014\/01\/Bildschirmfoto-2014-01-12-um-18.28-12.01.2014.png\"><img decoding=\"async\" loading=\"lazy\" alt=\"Gl\u00fccksarche\" src=\"http:\/\/dilettanti.eu\/wp-content\/uploads\/2014\/01\/Bildschirmfoto-2014-01-12-um-18.28-12.01.2014.png\" width=\"190\" height=\"30\" \/><\/a><\/p>\n<h1 align=\"center\">Zentrum f\u00fcr Bewusst-Seins-Bildung<\/h1>\n<p><img decoding=\"async\" loading=\"lazy\" class=\"aligncenter\" alt=\"Gl\u00fccksarche-Emblem\" src=\"http:\/\/dilettanti.eu\/wp-content\/uploads\/2014\/01\/Gl\u00fccksarche-Emblem-300x82.png\" width=\"300\" height=\"82\" \/><\/p>\n<h2 style=\"text-align: center;\"><strong>Selbst-bewusst-Sein leben! K\u00f6rper-bewusst-Sein genie\u00dfen!<\/strong><\/h2>\n<p align=\"center\"><strong>Eine Plattform f\u00fcr <em>gelebte Aspekte<\/em> eines menschlichen Bewusst-Seins<\/strong><br \/>\n<strong> f\u00fcr den notwendigen gesellschaftlichen Wertewandel &amp; Paradigmenwechsel.<\/strong><strong><br \/>\n<\/strong><\/p>\n<p align=\"center\">Das im Rahmen der\u00a0<a title=\"Gemeinwohl-\u00d6konomie \u2013 Ein Wirtschaftsmodell der Zukunft\" href=\"http:\/\/dilettanti.eu\/?p=5143\">Gemeinwohl-\u00d6konomie<\/a>\u00a0entwickelte Modell einer\u00a0<a href=\"http:\/\/dilettanti.eu\/wp-content\/uploads\/2015\/01\/Gemeinwohl\u00d6konomie.pdf\">alternativen Wirtschaftsordnung<\/a>\u00a0enth\u00e4lt u.a. folgende w\u00fcnschenswerte Forderung:<\/p>\n<p align=\"center\"><em>&#8222;Um die Werte der Gemeinwohl-\u00d6konomie von Kind an vertraut zu machen und zu praktizieren, muss auch das Bildungswesen gemeinwohlorientiert aufgebaut werden.\u00a0Das verlangt eine andere Form von Schule sowie <strong>andere Inhalte, z. B. Gef\u00fchlskunde, Wertekunde, Kommunikationskunde, Demokratiekunde, Naturerfahrenskunde und K\u00f6rpersensibilisierung<\/strong>.&#8220;<\/em><\/p>\n<p align=\"center\"><strong>Hier setzt mein Konzept der <strong>GL\u00dcCK<sup>S<\/sup>ARCHE<\/strong>\u00a0ganz konkret an:<br \/>\n<\/strong>Bei\u00a0der Vermittlung dieser &#8222;anderen&#8220; Inhalte, also\u00a0der &#8211; f\u00fcr mich &#8211; eigentlichen menschlichen Werte.<\/p>\n<p align=\"center\">Denn die wirklich nachhaltigen L\u00f6sungen f\u00fcr die zentralen Probleme von heute bed\u00fcrfen eines &#8222;bewussten Seins&#8220;\u00a0<strong>\u00a0<\/strong>\u2013\u00a0<strong>f\u00fcr ein menschenw\u00fcrdiges Leben der Menschen von morgen.<\/strong><\/p>\n<p align=\"center\"><i>Wer die G\u00fcte und Sch\u00f6nheit der Allheit in lebendigem Verst\u00e4ndnis zu umfassen vermag, der ist der wahre Mensch, dessen Moralgesetze mit den Naturgesetzen der Welt \u00fcbereinstimmen werden<\/i><i>.<\/i><strong><i><br \/>\n<\/i><\/strong><i><a title=\"Die Weltseele des Giordano Bruno\" href=\"http:\/\/dilettanti.eu\/?p=3508\">Giordano Bruno<\/a><\/i><i>\u00a0(\u2192<\/i>Blogbeitrag<i> <em><a title=\"Die Weltseele des Giordano Bruno\" href=\"http:\/\/dilettanti.eu\/?p=3508\">Die Weltseele des Giordano Bruno<\/a><\/em>)<\/i><\/p>\n<p align=\"center\"><strong>Menschliche Werte (er-)leben &#8211; mit allen\u00a0Sinnen\u00a0bewusst genie\u00dfen.\u00a0<\/strong><\/p>\n<p align=\"center\">Das Konzept basiert auf zwei gedanklichen Grundannahmen:<\/p>\n<p align=\"center\"><strong>1.<\/strong><\/p>\n<p align=\"center\">Nachhaltiges Wissen \u00fcber das Zusammenspiel von K\u00f6rper, Geist &amp; Seele im Einklang mit der Natur wird besonders wirkungsvoll im <em>direkten Erleben<\/em> vermittelt.<\/p>\n<p align=\"center\">Grundlage ist die Einsicht, dass sich Informationen erst dann wirklich verankern und in aktives Handeln m\u00fcnden, wenn es mit Kopf, Herz &amp; <a href=\"http:\/\/dilettanti.eu\/?p=2929\">Sinnlichkeit<\/a>\u00a0aufgenommen werden.<br \/>\nErst \u00fcber die Sinne bzw. das <em>sinnliche Erleben<\/em>\u00a0geht der Mensch in echte Beziehung zu seiner Umwelt &#8211; besser: &#8222;Mitwelt&#8220; (dieser Begriff entstammt der Terminologie der\u00a0<a title=\"Tiefen\u00f6kologie: \u00d6kologie \u2013 und dar\u00fcber hinaus.\" href=\"http:\/\/dilettanti.eu\/?p=3525\">\u00a0Tiefen\u00f6kologie<\/a>).<\/p>\n<p align=\"center\"><strong>2.<\/strong><\/p>\n<p align=\"center\">Der Mensch ist<strong style=\"line-height: 1.714285714; font-size: 1rem;\">\u00a0\u2013\u00a0<\/strong>fu\u00dfend auf dem epikureischen Lustbegriff (\u2192\u00a0<a href=\"http:\/\/blog.postwachstum.de\/von-epikur-zur-suffizienz-ein-blick-in-die-ideengeschichte-20120524\">blog.postwachstum.de<\/a>)\u00a0\u2013\u00a0ein nach Genuss &amp; Gl\u00fcck\u00a0<span style=\"line-height: 1.714285714; font-size: 1rem;\">(-seligkeit) strebendes Wesen.<\/span><br \/>\nGewisserma\u00dfen\u00a0<a title=\"Suffizienz \u2013 was ist das denn?\" href=\"http:\/\/dilettanti.eu\/?p=1677\">Suffizienz<\/a> in seiner sch\u00f6nsten Form ;-)!<\/p>\n<p align=\"center\">In einer nat\u00fcrlichen Umgebung des Wohlgef\u00fchls und der Leichtigkeit <strong>\u2013<\/strong>\u00a0ohne erhobenen Zeigefinger <strong>\u2013<\/strong>\u00a0ergibt sich die Aneignung von Wissen &amp; der Erkenntnisgewinn in einem nat\u00fcrlichen und freudvollen Umfeld ganz ohne (Erfolgs-)Zwang <strong>\u2013<\/strong>\u00a0gewisserma\u00dfen aus sich heraus <strong>\u2013\u00a0<\/strong>was sowohl f\u00fcr die Mitwirkenden als auch f\u00fcr die Besucher in jeder Hinsicht bereichernd wirkt.<\/p>\n<p style=\"text-align: center;\"><strong>Interessiert?\u00a0D<\/strong><strong style=\"line-height: 1.714285714; font-size: 1rem;\">ann melde Dich bitte bei mir!<\/strong><\/p>\n<p style=\"text-align: center;\"><strong style=\"line-height: 1.714285714; font-size: 1rem;\">Ich freue mich darauf, Dir meine Ideen f\u00fcr das Projekt GL\u00dcCK<sup>S<\/sup>ARCHE genauer vorzustellen und\u00a0<strong>mit Dir\u00a0<\/strong>weiter zu entwickeln!<\/strong><\/p>\n<p style=\"text-align: center;\"><i>Leben hei\u00dft nicht atmen, sondern handeln; es hei\u00dft, sich unserer Organe, unserer Sinne, F\u00e4higkeiten, kurz, sich aller der Teile von uns bedienen, welche uns die Empfindung unseres Daseins verleihen. Nicht der Mensch hat am meisten gelebt, der die h\u00f6chsten Jahre z\u00e4hlt, sondern der, der sein Leben am meisten empfunden hat. <\/i><a href=\"http:\/\/de.wikipedia.org\/wiki\/Jean-Jacques_Rousseau#Rousseaus_Weltanschauung_und_Philosophie\">\u00a0<\/a><br \/>\n<a href=\"http:\/\/de.wikipedia.org\/wiki\/Jean-Jacques_Rousseau#Rousseaus_Weltanschauung_und_Philosophie\">Jean-Jacques Rousseau<\/a> (1712-1778)<\/p>\n","protected":false},"excerpt":{"rendered":"<p>Ein holistisches integratives Projekt, das auf seine\u00a0Realisierung wartet! Zentrum f\u00fcr Bewusst-Seins-Bildung Selbst-bewusst-Sein leben! K\u00f6rper-bewusst-Sein genie\u00dfen! Eine Plattform f\u00fcr gelebte Aspekte eines menschlichen Bewusst-Seins f\u00fcr den notwendigen gesellschaftlichen Wertewandel &amp; Paradigmenwechsel. Das im Rahmen der\u00a0Gemeinwohl-\u00d6konomie\u00a0entwickelte Modell einer\u00a0alternativen Wirtschaftsordnung\u00a0enth\u00e4lt u.a. folgende w\u00fcnschenswerte Forderung: &#8222;Um die Werte der Gemeinwohl-\u00d6konomie von Kind an vertraut zu machen und zu praktizieren, [&hellip;]<\/p>\n","protected":false},"author":1,"featured_media":0,"parent":3347,"menu_order":2,"comment_status":"open","ping_status":"closed","template":"","meta":[],"_links":{"self":[{"href":"https:\/\/dilettanti.eu\/index.php?rest_route=\/wp\/v2\/pages\/690"}],"collection":[{"href":"https:\/\/dilettanti.eu\/index.php?rest_route=\/wp\/v2\/pages"}],"about":[{"href":"https:\/\/dilettanti.eu\/index.php?rest_route=\/wp\/v2\/types\/page"}],"author":[{"embeddable":true,"href":"https:\/\/dilettanti.eu\/index.php?rest_route=\/wp\/v2\/users\/1"}],"replies":[{"embeddable":true,"href":"https:\/\/dilettanti.eu\/index.php?rest_route=%2Fwp%2Fv2%2Fcomments&post=690"}],"version-history":[{"count":116,"href":"https:\/\/dilettanti.eu\/index.php?rest_route=\/wp\/v2\/pages\/690\/revisions"}],"predecessor-version":[{"id":6756,"href":"https:\/\/dilettanti.eu\/index.php?rest_route=\/wp\/v2\/pages\/690\/revisions\/6756"}],"up":[{"embeddable":true,"href":"https:\/\/dilettanti.eu\/index.php?rest_route=\/wp\/v2\/pages\/3347"}],"wp:attachment":[{"href":"https:\/\/dilettanti.eu\/index.php?rest_route=%2Fwp%2Fv2%2Fmedia&parent=690"}],"curies":[{"name":"wp","href":"https:\/\/api.w.org\/{rel}","templated":true}]}}