{"id":39,"date":"2014-01-11T15:32:04","date_gmt":"2014-01-11T15:32:04","guid":{"rendered":"http:\/\/dilettanti.eu\/?page_id=39"},"modified":"2019-03-13T22:36:38","modified_gmt":"2019-03-13T21:36:38","slug":"begriffsklaerung","status":"publish","type":"page","link":"https:\/\/dilettanti.eu\/?page_id=39","title":{"rendered":"Warum dieser Name?"},"content":{"rendered":"<p style=\"text-align: justify;\"><span style=\"line-height: 1.714285714; font-size: 1rem;\">Wenn man etwas Neues beginnt, dann braucht es zwangsl\u00e4ufig auch neue Begrifflichkeiten.<\/span><\/p>\n<p style=\"text-align: justify;\"><span style=\"line-height: 1.714285714; font-size: 1rem;\"> Eine M\u00f6glichkeit ist hier, Worten aus unserem Sprachgebrauch einen neuen Wortsinn bzw. ihre urspr\u00fcngliche Bedeutung zur\u00fcck zu geben.\u00a0<\/span><span style=\"line-height: 1.714285714; font-size: 1rem;\"><strong>Positiver Nebeneffekt: Es regt zum Umdenken an.<\/strong> Also habe ich mich f\u00fcr diese Methode der Namensgebung entschieden. Auch auf die Gefahr hin im ersten Moment auf Unverst\u00e4ndnis zu sto\u00dfen&#8230;\u00a0<\/span><\/p>\n<p style=\"text-align: justify;\"><strong>Welche Bedeutung hat das Wort <em>Dilettant<\/em> denn eigentlich?<\/strong><\/p>\n<p style=\"text-align: justify;\"><em>Dilettant<\/em> kommt urspr\u00fcnglich aus dem Lateinischen <em>delectare<\/em> = sich angenehm besch\u00e4ftigen.<\/p>\n<p style=\"text-align: justify;\"><em>Der <a href=\"http:\/\/de.wikipedia.org\/wiki\/Dilettant\">Dilettant<\/a>\u00a0ist kein Fachmann, sondern ein Amateur (\u201eamator\u201c (lat.) = \u201eLiebhaber\u201c).\u00a0<strong>Der Dilettant \u00fcbt eine Sache um ihrer selbst willen aus, also aus Interesse und\/oder Begeisterung<\/strong><\/em>\u00a0&#8211; und nicht etwa mit dem Ziel der Gewinnmaximierung!<\/p>\n<p style=\"text-align: justify;\">Oh ja, dieses Thema liegt mir am Herzen und es interessiert mich sehr:<strong> <em>Die Notwendigkeit eines Paradigmenwechsels, eines Wertewandels in unserer Gesellschaft hin zum menschlichen Ma\u00df.<\/em><\/strong> (mehr \u2192<a title=\"Warum der Untertitel \u2018Hin zum menschlichen Ma\u00df\u2019?\" href=\"http:\/\/dilettanti.eu\/?p=770\">Warum der Untertitel &#8218;Hin zum menschlichen Ma\u00df&#8216;?<\/a>)<\/p>\n<p style=\"text-align: justify;\"><strong>Am Anfang von etwas noch nicht Etabliertem steht<\/strong> somit zwangsl\u00e4ufig <strong>immer ein <a href=\"http:\/\/de.wikipedia.org\/wiki\/Dilettant\">Dilettant<\/a><\/strong>, denn <strong>Spezialisten- bzw. Expertentum kann sich nur aus etwas bereits Bestehendem heraus entwickeln.<\/strong><\/p>\n<p style=\"text-align: justify;\">Mir ist dabei klar, dass diese Begriffsdeutung unserem gel\u00e4ufigen Verst\u00e4ndnis von <em>Dilettant<\/em> komplett entgegen steht. (siehe dazu auch\u00a0\u2192<span style=\"text-decoration: underline;\"><span style=\"color: #888888;\"><span style=\"color: #888888; text-decoration: underline;\"><a title=\"Dilettanten und Spezialisten \u2013 Spezies unserer Gesellschaft\" href=\"http:\/\/dilettanti.eu\/?p=1075\">Dilettanten &amp; Spezialisten &#8211; Spezies unserer Gesellschaft<\/a><\/span><\/span><\/span>)<\/p>\n<p style=\"text-align: justify;\"><strong style=\"line-height: 1.714285714; font-size: 1rem;\">Doch wenn wir in die Geschichte zur\u00fcckschauen, waren es genau die &#8222;Dilettanten&#8220; im urspr\u00fcnglichen Wortsinn,<\/strong> also die Leidenschaftlichen &#8211; \u00a0ich bevorzuge hier jedoch eher das Wort: Gegeisterten ;-), weil in Leidenschaft das Leiden steckt und in Letzterem der Geist! (quasi jeder Erfinder ist ein solcher Dilettant)<strong style=\"line-height: 1.714285714; font-size: 1rem;\"> die in der Lage waren, sich aus den Denkvorgaben ihrer Zeit, aus der kulturellen Matrix, zu befreien und die Dinge v\u00f6llig anders anzugehen&#8230;<\/strong><\/p>\n<p style=\"text-align: justify;\">So habe ich eine Bezeichnung gefunden f\u00fcr das, was ich schon seit Langem bin:<\/p>\n<p style=\"text-align: justify;\"><strong>Eine <em>Dilettanti<\/em>\u00a0\u2013 eine Amateurin der sich mit Begeisterung f\u00fcr die Sache einsetzt: F\u00fcr einen Paradigmenwechsel &amp; Wertewandel in unserer Gesellschaft\u00a0\u2013\u00a0<span style=\"text-decoration: underline;\"><span style=\"color: #888888; text-decoration: underline;\"><a title=\"Warum der Untertitel \u201cHin zum menschlichen Ma\u00df\u201d?\" href=\"http:\/\/dilettanti.eu\/?p=770\"><span style=\"color: #888888; text-decoration: underline;\">hin zum menschlichen Ma\u00df<\/span><\/a>.<\/span><\/span><\/strong><\/p>\n<p style=\"text-align: justify;\" align=\"center\"><em>Dilettanti<\/em> in diesem\u00a0Kontext bedeutet, klar zu machen,\u00a0<strong>dass man das was heute in\u00a0unserer Gesellschaft, Wirtschaft und Politik im gro\u00dfen Stil l\u00e4uft, nicht mehr gut hei\u00dfen kann.\u00a0Aber es bedeutet auch, dass Du den Wertewandel aktiv\u00a0mitgehen und mitgestalten m\u00f6chtest.\u00a0Mit Deinen Mitteln, Deinen M\u00f6glichkeiten, in Deinem Umfeld.<\/strong><\/p>\n<p style=\"text-align: center;\"><strong><em>Es gibt kein richtiges Leben im falschen.<br \/>\n<\/em><\/strong><span style=\"text-decoration: underline;\"><span style=\"color: #888888; text-decoration: underline;\"><a href=\"http:\/\/de.wikipedia.org\/wiki\/Theodor_W._Adorno\"><span style=\"color: #888888; text-decoration: underline;\">Theodor W. Adorno<\/span><\/a><\/span><\/span>, dt. Philosoph, 1903-1969<\/p>\n<p style=\"text-align: justify;\">Vorausgesetzt dem Wissen, dass es <em>richtig<\/em> und <em>falsch<\/em> nur in Bezug auf eine zuvor definierte Bezugsgr\u00f6\u00dfe geben kann, kann dieser Satz wie folgt ausgelegt werden:<\/p>\n<p style=\"text-align: justify;\"><strong>Wenn ich eine Sache in einem falschen (Werte-)System perfekt mache, mache ich diese Sache perfekt falsch!<\/strong><\/p>\n<p style=\"text-align: justify;\">Was hilft uns also unser ganzer Perfektionismus und unser Leistungsstreben, wenn er gegen uns selbst gerichtet ist?! Gegen die eigentliche Mensch-lichkeit! (\u2192<a title=\"Wirtschaft muss den Menschen dienen\" href=\"http:\/\/dilettanti.eu\/?p=5848\">Wirtschaft muss den Menschen dienen<\/a>).<\/p>\n<p style=\"text-align: justify;\">\n","protected":false},"excerpt":{"rendered":"<p>Wenn man etwas Neues beginnt, dann braucht es zwangsl\u00e4ufig auch neue Begrifflichkeiten. Eine M\u00f6glichkeit ist hier, Worten aus unserem Sprachgebrauch einen neuen Wortsinn bzw. ihre urspr\u00fcngliche Bedeutung zur\u00fcck zu geben.\u00a0Positiver Nebeneffekt: Es regt zum Umdenken an. Also habe ich mich f\u00fcr diese Methode der Namensgebung entschieden. Auch auf die Gefahr hin im ersten Moment auf [&hellip;]<\/p>\n","protected":false},"author":1,"featured_media":0,"parent":0,"menu_order":1,"comment_status":"open","ping_status":"open","template":"","meta":[],"_links":{"self":[{"href":"https:\/\/dilettanti.eu\/index.php?rest_route=\/wp\/v2\/pages\/39"}],"collection":[{"href":"https:\/\/dilettanti.eu\/index.php?rest_route=\/wp\/v2\/pages"}],"about":[{"href":"https:\/\/dilettanti.eu\/index.php?rest_route=\/wp\/v2\/types\/page"}],"author":[{"embeddable":true,"href":"https:\/\/dilettanti.eu\/index.php?rest_route=\/wp\/v2\/users\/1"}],"replies":[{"embeddable":true,"href":"https:\/\/dilettanti.eu\/index.php?rest_route=%2Fwp%2Fv2%2Fcomments&post=39"}],"version-history":[{"count":88,"href":"https:\/\/dilettanti.eu\/index.php?rest_route=\/wp\/v2\/pages\/39\/revisions"}],"predecessor-version":[{"id":6536,"href":"https:\/\/dilettanti.eu\/index.php?rest_route=\/wp\/v2\/pages\/39\/revisions\/6536"}],"wp:attachment":[{"href":"https:\/\/dilettanti.eu\/index.php?rest_route=%2Fwp%2Fv2%2Fmedia&parent=39"}],"curies":[{"name":"wp","href":"https:\/\/api.w.org\/{rel}","templated":true}]}}