{"id":32,"date":"2014-01-11T15:32:21","date_gmt":"2014-01-11T15:32:21","guid":{"rendered":"http:\/\/dilettanti.eu\/?page_id=32"},"modified":"2016-05-18T09:32:28","modified_gmt":"2016-05-18T08:32:28","slug":"hintergrund","status":"publish","type":"page","link":"https:\/\/dilettanti.eu\/?page_id=32","title":{"rendered":"Warum dieser Blog?"},"content":{"rendered":"<h2 style=\"text-align: justify;\"><strong>Meine Motivation<\/strong><\/h2>\n<p style=\"text-align: justify;\">Die Sehnsucht nach einer Systemalternative w\u00e4chst \u2013\u00a0nicht nur bei mir.\u00a0Ich m\u00f6chte daher meinen Teil beitragen zu einer\u00a0<strong>Bewusstseinsentwicklung hin zum hierf\u00fcr notwendigen Paradigmenwechsel, <\/strong>also\u00a0die Ver\u00e4nderung der bestehenden Denk- oder Verhaltensmuster,<strong>\u00a0<\/strong>und einem<strong> Wertewandel<\/strong>, hin zu einer<strong>\u00a0Form der Menschlichkeit, die\u00a0den wirklichen Bed\u00fcrfnissen unserer Welt mit all ihren Lebewesen Rechnung tr\u00e4gt.<\/strong><\/p>\n<p style=\"text-align: justify;\"><strong><\/strong>Da mein Projekt\u00a0<a title=\"Projekt Gl\u00fccksarche\" href=\"http:\/\/dilettanti.eu\/?page_id=690\">GL\u00dcCK<sup>S<\/sup>ARCHE<\/a>\u00a0noch auf seine Realisierung wartet, erm\u00f6glicht mir dieser Blog f\u00fcrs Erste eine Plattform zu bieten, f\u00fcr all diejenigen, die die aktuellen Entwicklungen auch immer mehr hinterfragen. Die \u00a0interessiert sind an Hintergr\u00fcnden, Interdependenzen bestehender und alternativer Wertekategorien &amp; Gesellschaftsnormen und deren Auswirkungen auf den Einzelnen bis hin zum &#8222;gro\u00dfen Ganzen&#8220;.\u00a0<strong>Denn alles h\u00e4ngt mit allem zusammen. Es ist und bleibt nun einmal EIN Erdenkosmos.\u00a0<\/strong>Und als Inspiration, diese Impulse auch in ihren Alltag einzubringen.<strong>\u00a0<\/strong>(siehe auch \u2192<a title=\"Warum der Untertitel \u2018Hin zum menschlichen Ma\u00df\u2019?\" href=\"http:\/\/dilettanti.eu\/?p=770\">Warum der Untertitel &#8218;Hin zum menschlichen Ma\u00df&#8216;?<\/a>\u00a0\u2192<a title=\"Auf der Suche nach dem rechten Ma\u00df\" href=\"http:\/\/dilettanti.eu\/?p=1011\">Auf der Suche nach dem rechten\u00a0<\/a><a title=\"Auf der Suche nach dem rechten Ma\u00df\" href=\"http:\/\/dilettanti.eu\/?p=1011\">Ma\u00df<\/a>)<\/p>\n<p style=\"text-align: justify;\"><em>&#8211; Wie kann sich &#8222;menschliches Ma\u00df&#8220;\u00a0zeigen in Gesellschaft, Politik &amp; Wirtschaft?<br \/>\n&#8211; Ist unser aktuelles Bild der &#8222;Menschlichkeit&#8220; wirklich &#8222;menschlich&#8220;?<br \/>\n&#8211; Ist unser Weltbild noch zeitgem\u00e4\u00df?<br \/>\n&#8211; K\u00f6nnen wir mit diesem Weltbild die anstehenden Aufgaben wirklich nachhaltig l\u00f6sen?<br \/>\n&#8211; Ist die Wachstumsideologie der Wirtschaftsnationen noch haltbar?<br \/>\n&#8211; Warum ist ein Wertewandel \u00fcberhaupt notwendig?<br \/>\n&#8211; Warum braucht es einen Wandel der Lebenseinstellung?<br \/>\n&#8211; Wie kann dieser Wandel aussehen?<br \/>\n&#8211; Wie kann er vollzogen werden?<br \/>\n&#8211; Welche \u00c4nderungen sind angezeigt?<\/em><\/p>\n<p>In diesem Blog sind Denkanst\u00f6\u00dfe und alternative L\u00f6sungsans\u00e4tze aus den unterschiedlichsten Disziplinen und Wissenschaftsrichtungen rund um diese Fragen geplant.<\/p>\n<p style=\"text-align: justify;\">Ich m\u00f6chte hier keine einfachen Denkergebnisse liefern, die in irgendwelchen Einbahnstra\u00dfen enden. Mir geht es nicht um die isolierte Betrachtung DER \u00d6ko- oder DER Wirtschaftskrise.<\/p>\n<p style=\"text-align: justify;\"><strong>Diese vielschichtige Thematik hat weder einen definierten Anfang noch ein festgelegtes Ende.\u00a0<\/strong><\/p>\n<p style=\"text-align: justify;\">Die Inhalte der locker aufeinander folgenden Beitr\u00e4ge beziehen sich auf die unterschiedlichen Ebenen menschlicher Existenz. Die \u00dcberg\u00e4nge sind dabei flie\u00dfend. Beeinflussen doch Ver\u00e4nderungen auf der einen Ebene auch die anderen bzw. stehen miteinander in Wechselwirkung:<\/p>\n<p style=\"text-align: justify;\">1. die Individualebene, also die pers\u00f6nliche Ebene<\/p>\n<p style=\"text-align: justify;\"><span style=\"line-height: 1.714285714; font-size: 1rem;\">2. die Gesellschaftsebene\u00a0<\/span><\/p>\n<p style=\"text-align: justify;\">3. die mikro- &amp; makro\u00f6konomische\u00a0Ebene (Unternehmen &amp; Volkswirtschaft)<\/p>\n<p style=\"text-align: justify;\">4. die \u00f6kologische Ebene<\/p>\n<p style=\"text-align: justify;\">5. die politische Ebene<\/p>\n<p style=\"text-align: justify;\">Zum einen will ich Denkanst\u00f6\u00dfe, Links zu entsprechenden Ver\u00f6ffentlichungen und nat\u00fcrlich auch harte Fakten liefern, mit dem\u00a0<strong>Ziel: Impulse f\u00fcr ein neues Bewusstsein zu liefern, um damit einen\u00a0Prozess des Umdenkens anzuregen.<\/strong><\/p>\n<p style=\"text-align: justify;\">Zum anderen w\u00fcnsche ich mir\u00a0<strong>ganz viele Mit-Entwickler und Mit-Wirkende, die<\/strong>\u00a0auf dieser Seite eine M\u00f6glichkeit haben, sich zu pr\u00e4sentieren (\u2192<a title=\"Hier ist der Platz f\u00fcr Eure Themen!\" href=\"http:\/\/dilettanti.eu\/?p=487\">Hier ist der Platz f\u00fcr Eure Themen!<\/a>)\u00a0&#8211; gerne auch als <a title=\"Gastautoren\" href=\"http:\/\/dilettanti.eu\/?page_id=2533\">Gastautoren<\/a>\u00a0&#8211; und\u00a0<strong>mit ihrem Wissen zu den verschiedenen Themenkreisen weitere Impulse setzen und unser Bewusstsein daf\u00fcr erweitern.<\/strong><\/p>\n<p style=\"text-align: justify;\"><strong>Deshalb freue ich mich nat\u00fcrlich besonders, wenn Ihr hier immer wieder vorbei schaut und aktiv mitgestaltet.<\/strong><\/p>\n<p style=\"text-align: justify;\">Konkurrenzdenken ist eine Eigenschaft, die uns dahin gef\u00fchrt hat, wo die Gesellschaft heute steht.<span><span style=\"font-size: 1rem; line-height: 1.714285714;\">\u00a0<\/span><span style=\"font-size: 1rem; line-height: 1.714285714;\"><strong>Lasst uns die Synergien nutzen, die nur durch ein Miteinander entstehen k\u00f6nnen.<\/strong>\u00a0<\/span>Auf<span style=\"font-size: 1rem; line-height: 1.714285714;\">\u00a0dass wir gemeinsam mehr sind als die Summe unserer Teile!<\/span><\/span><\/p>\n<h2 style=\"text-align: justify;\"><strong>Meine Vision<\/strong><\/h2>\n<p style=\"text-align: justify;\">Dass es immer mehr\u00a0<strong><a title=\"Warum dieser Name?\" href=\"http:\/\/dilettanti.eu\/?page_id=39\">Dilettanti<\/a><\/strong>\u00a0gibt, die\u00a0<strong>dem bestehenden Wertesystem nicht mehr blind folgen und ihrem Leben durch ihr ver\u00e4ndertes Bewusstsein eine andere Qualit\u00e4t geben, <\/strong>was in letzter Konsequenz auch das gesamte System positiv beeinflussen wird.<\/p>\n<p style=\"text-align: justify;\">Weil es an der Zeit ist &#8230;<\/p>\n","protected":false},"excerpt":{"rendered":"<p>Meine Motivation Die Sehnsucht nach einer Systemalternative w\u00e4chst \u2013\u00a0nicht nur bei mir.\u00a0Ich m\u00f6chte daher meinen Teil beitragen zu einer\u00a0Bewusstseinsentwicklung hin zum hierf\u00fcr notwendigen Paradigmenwechsel, also\u00a0die Ver\u00e4nderung der bestehenden Denk- oder Verhaltensmuster,\u00a0und einem Wertewandel, hin zu einer\u00a0Form der Menschlichkeit, die\u00a0den wirklichen Bed\u00fcrfnissen unserer Welt mit all ihren Lebewesen Rechnung tr\u00e4gt. Da mein Projekt\u00a0GL\u00dcCKSARCHE\u00a0noch auf seine Realisierung [&hellip;]<\/p>\n","protected":false},"author":1,"featured_media":0,"parent":0,"menu_order":2,"comment_status":"open","ping_status":"open","template":"","meta":[],"_links":{"self":[{"href":"https:\/\/dilettanti.eu\/index.php?rest_route=\/wp\/v2\/pages\/32"}],"collection":[{"href":"https:\/\/dilettanti.eu\/index.php?rest_route=\/wp\/v2\/pages"}],"about":[{"href":"https:\/\/dilettanti.eu\/index.php?rest_route=\/wp\/v2\/types\/page"}],"author":[{"embeddable":true,"href":"https:\/\/dilettanti.eu\/index.php?rest_route=\/wp\/v2\/users\/1"}],"replies":[{"embeddable":true,"href":"https:\/\/dilettanti.eu\/index.php?rest_route=%2Fwp%2Fv2%2Fcomments&post=32"}],"version-history":[{"count":145,"href":"https:\/\/dilettanti.eu\/index.php?rest_route=\/wp\/v2\/pages\/32\/revisions"}],"predecessor-version":[{"id":5916,"href":"https:\/\/dilettanti.eu\/index.php?rest_route=\/wp\/v2\/pages\/32\/revisions\/5916"}],"wp:attachment":[{"href":"https:\/\/dilettanti.eu\/index.php?rest_route=%2Fwp%2Fv2%2Fmedia&parent=32"}],"curies":[{"name":"wp","href":"https:\/\/api.w.org\/{rel}","templated":true}]}}