{"id":118,"date":"2014-01-12T12:21:31","date_gmt":"2014-01-12T11:21:31","guid":{"rendered":"http:\/\/dilettanti.eu\/?page_id=118"},"modified":"2023-01-11T21:15:15","modified_gmt":"2023-01-11T20:15:15","slug":"ueber-mich","status":"publish","type":"page","link":"https:\/\/dilettanti.eu\/?page_id=118","title":{"rendered":"\u00dcber mich"},"content":{"rendered":"<p style=\"text-align: justify;\"><img decoding=\"async\" loading=\"lazy\" class=\"alignleft wp-image-6897\" src=\"http:\/\/dilettanti.eu\/wp-content\/uploads\/2020\/04\/IMG_7767.jpeg\" alt=\"\" width=\"158\" height=\"208\" srcset=\"https:\/\/dilettanti.eu\/wp-content\/uploads\/2020\/04\/IMG_7767.jpeg 841w, https:\/\/dilettanti.eu\/wp-content\/uploads\/2020\/04\/IMG_7767-768x1007.jpeg 768w, https:\/\/dilettanti.eu\/wp-content\/uploads\/2020\/04\/IMG_7767-624x818.jpeg 624w\" sizes=\"(max-width: 158px) 100vw, 158px\" \/>Mein Name ist Iris Liedl. Seit fr\u00fchester Jugend \u2013 und besonders seit meinem BWL-Studium in Bayreuth (Schwerpunkte: Marketing &amp; Personalmanagement) \u2013 gilt mein besonderes Interesse dem Menschen, seinen Bed\u00fcrfnissen und seinen Motivationen.<\/p>\n<p style=\"text-align: justify;\">Vor allem das Buch <a href=\"http:\/\/de.wikipedia.org\/wiki\/Haben_oder_Sein\">Haben oder Sein<\/a>\u00a0von <a href=\"http:\/\/de.wikipedia.org\/wiki\/Erich_Fromm\">Erich Fromm<\/a>\u00a0(\u2192Blogbeitrag\u00a0<em><a title=\"Haben oder Sein\" href=\"http:\/\/dilettanti.eu\/?p=3176\">Haben oder Sein<\/a><\/em>) war f\u00fcr mich hier eine pers\u00f6nliche Initialz\u00fcndung.<\/p>\n<p style=\"text-align: justify;\">Gleich zu Beginn meiner beruflichen Karriere in der Werbebranche wurde ich mit den fragw\u00fcrdigen Zielen unserer Konsumgesellschaft konfrontiert, in der Produkte mit &#8222;Zusatznutzen&#8220;-Versprechungen an den Mann\/die Frau gebracht werden sollen, die sie ohne entsprechende mediale Beeinflussung weder brauchen noch wollen w\u00fcrden.<\/p>\n<p style=\"text-align: justify;\">Auch\u00a0<strong>die eingeschr\u00e4nkten Mechanismen unseres bestehenden Wirtschaftssystems<\/strong>,<strong> in dem etwas nur <em>wirtschaftlich sinnvoll<\/em> ist, was angemessen Gewinn erbringt, also was sich in Geld beziffern l\u00e4sst\u00a0<\/strong>(\u2192Blogbeitrag\u00a0<em><a title=\"Knock-out-Kriterium \u201cUnwirtschaftlichkeit\u201d\" href=\"http:\/\/dilettanti.eu\/?p=3062\">Knock-out-Kriterium &#8218;Unwirtschaftlichkeit&#8216;<\/a><\/em>), wurde mir ziemlich schnell bewusst.<\/p>\n<p style=\"text-align: justify;\"><span style=\"line-height: 1.714285714; font-size: 1rem;\">Ich will jetzt hier nicht meine ganze Lebensgeschichte ausbreiten. Nur so viel:<\/span><\/p>\n<p style=\"text-align: justify;\">Seit vielen Jahren bin ich inzwischen freiberuflich im Bereich <strong>System- und Qualit\u00e4tsmanagement<\/strong> branchen\u00fcbergreifend t\u00e4tig gewesen (<a href=\"http:\/\/www.il-plus.de\">www.il-plus.de<\/a>). W\u00e4hrend all den Jahren habe ich mich ebenso intensiv der Bewusstseinsarbeit gewidmet und den <strong>interdisziplin\u00e4ren Wirkweisen von \u00d6kologie, \u00d6konomie, Ethik und Philosophie, <\/strong>was mich auch zu den Konzepten wie der\u00a0<a title=\"Tiefen\u00f6kologie: \u00d6kologie \u2013 und dar\u00fcber hinaus.\" href=\"http:\/\/dilettanti.eu\/?p=3525\">Tiefen\u00f6kologie<\/a>\u00a0(<a href=\"http:\/\/de.wikipedia.org\/wiki\/Arne_N\u00e6ss\">Arne N\u00e6ss<\/a>), der\u00a0<a title=\"Suffizienz \u2013 was ist das denn?\" href=\"http:\/\/dilettanti.eu\/?p=1677\">Suffizienztheorie<\/a>\u00a0(<a href=\"http:\/\/de.wikipedia.org\/wiki\/Wolfgang_Sachs\">Wolfgang Sachs<\/a>), der\u00a0<a title=\"Was kommt nach dem Wachstum?\" href=\"http:\/\/dilettanti.eu\/?p=4082\">Postwachstums\u00f6konomie<\/a>\u00a0(<a href=\"http:\/\/de.wikipedia.org\/wiki\/Niko_Paech\">Prof. Niko Paech<\/a>) und der\u00a0<a href=\"https:\/\/www.ecogood.org\">Gemeinwohl-\u00d6konomie<\/a> (<a href=\"http:\/\/de.wikipedia.org\/wiki\/Christian_Felber\">Christian Felber<\/a>) gef\u00fchrt hat, die ich ja alle inzwischen auf diesem Blog vorgestellt habe. Seit 2014 bin ich Mitglied der Vereinigung f\u00fcr \u00d6kologische \u00d6konomie, <a href=\"http:\/\/www.voeoe.de\/die-voo\/\">V\u00d6\u00d6<\/a>.<\/p>\n<p style=\"text-align: justify;\">Irgendwann war der Punkt erreicht, von dem aus es mir <strong>nicht mehr m\u00f6glich<\/strong> war, <strong>wissentlich Werte zu leben und Ziele zu verfolgen, die ich weder ethisch noch \u00f6konomisch vertreten konnte<\/strong> und die zu all dem langfristig auch <strong>f\u00fcr die Unternehmen kontraproduktiv<\/strong> sind, weil sie <strong>den Erfordernissen einer zukunftsf\u00e4higen menschlichen Gesellschaft und unserem Planeten nicht gerecht werden<\/strong>.<\/p>\n<p style=\"text-align: justify;\"><span style=\"font-size: 1rem; line-height: 1.714285714;\">Die Sichtweise, dass sich die Ziele einer zukunftsf\u00e4higen \u00d6konomie am Menschen, seinen wirklichen Bed\u00fcrfnissen und an der Endlichkeit der Ressourcen unseres Planeten zu orientieren haben \u2013\u00a0gewisserma\u00dfen: <a title=\"Warum der Untertitel \u2018Hin zum menschlichen Ma\u00df\u2019?\" href=\"http:\/\/dilettanti.eu\/?p=770\">hin zum menschlichen\u00a0<\/a><\/span><a title=\"Warum der Untertitel \u2018Hin zum menschlichen Ma\u00df\u2019?\" href=\"http:\/\/dilettanti.eu\/?p=770\">Ma\u00df<\/a> \u2013<span style=\"font-size: 1rem; line-height: 1.714285714;\">\u00a0scheint sich ganz offensichtlich in Wirtschaft und Politik noch wenig herum gesprochen zu haben.\u00a0<\/span><\/p>\n<p style=\"text-align: justify;\"><span style=\"font-size: 1rem; line-height: 1.714285714;\">Um so<\/span><span style=\"font-size: 1rem; line-height: 1.714285714;\">\u00a0<\/span>erstaunlicher, wenn man bedenkt,\u00a0<strong><span style=\"font-size: 1rem; line-height: 1.714285714;\">dass das Wissen \u2013<\/span><\/strong><span style=\"font-size: 1rem; line-height: 1.714285714;\">\u00a0das diesem\u00a0<\/span>Ansatz<span style=\"font-size: 1rem; line-height: 1.714285714;\">\u00a0zugrunde liegt \u2013\u00a0<\/span><strong><span style=\"font-size: 1rem; line-height: 1.714285714;\">schon lange vor der\u00a0<\/span>Antike<span style=\"font-size: 1rem; line-height: 1.714285714;\">\u00a0bereits existierte und seitdem immer wieder in den unterschiedlichsten Adaptionen und Weiterentwicklungen \u00f6ffentlich propagiert wurde und wird. <\/span><\/strong><span style=\"font-size: 1rem; line-height: 1.714285714;\"><br \/>\n<\/span><\/p>\n<p style=\"text-align: justify;\">Doch etwas ganz Entscheidendes hat sich ge\u00e4ndert:<strong><span style=\"font-size: 1rem; line-height: 1.714285714;\">\u00a0I<\/span>nzwischen<span style=\"font-size: 1rem; line-height: 1.714285714;\">\u00a0ist dessen Umsetzung nicht\u00a0<\/span>mehr<span style=\"font-size: 1rem; line-height: 1.714285714;\">\u00a0nur ein &#8222;nice to have&#8220; oder eine Sache von einigen &#8222;Gutmenschen&#8220; und Aktivisten &#8211; inzwischen ist es ganz einfach notwendig&#8230;<\/span><\/strong><\/p>\n<p style=\"text-align: justify;\"><span style=\"line-height: 1.714285714; font-size: 1rem;\">Die Verfolgung des holistischen menschenzentrierten Ansatzes f\u00fchrte mich u.a. auch zur <a href=\"http:\/\/de.wikipedia.org\/wiki\/Yoga\">Yoga<\/a>-Philosophie &#8211; die auch die gro\u00dfe Bedeutung einer gesunden Ern\u00e4hrung beinhaltet &#8211; und so machte ich vor einigen Jahren meine <strong>Yogalehrer-Ausbildung in Indien<\/strong> (<a href=\"http:\/\/www.yogamobil.info\">www.yogamobil.info<\/a>) mit dem Bestreben, diese Wirkweisen auch in das eine oder andere Unternehmen einbringen zu k\u00f6nnen. Zu oft hatte ich hier bereits mit Mitarbeitern zu tun, die unter psychosomatischen St\u00f6rungen, wie Bandscheibenvorfall, Migr\u00e4neattacken, Burn-out u.\u00e4. litten.<\/span><\/p>\n<p style=\"text-align: justify;\">W\u00e4hrend eines 3-monatigen <strong>Thailandaufenthalts im Rahmen eines Jugendfreiwilligendienstes<\/strong> im Sommer 2014 konnte ich erleben, wie wenig man tats\u00e4chlich braucht, um wirklich gl\u00fccklich und zufrieden zu sein. Vor allem, wenn Statussymbole keine Rolle mehr spielen. Diese Erfahrung hat mich nachhaltig best\u00e4rkt, diesen Weg weiter zu gehen.<\/p>\n<p style=\"text-align: justify;\"><span style=\"line-height: 1.714285714; font-size: 1rem;\"><strong>Mein pers\u00f6nliches Langfristziel ist es, mich ganz der Bewusst-Seins-Entwicklung von Menschen \u2013\u00a0insbesondere von Kindern und Jugendlichen \u2013\u00a0zu widmen.<\/strong> Idealerweise im Rahmen meiner <a title=\"Projekt Gl\u00fccksarche\" href=\"http:\/\/dilettanti.eu\/?page_id=690\">GL\u00dcCK<sup>S<\/sup>ARCHE<\/a>.<\/span><\/p>\n<p style=\"text-align: justify;\">Im August 2013 schien es mit meiner Vision\u00a0zun\u00e4chst konkreter zu werden, als ich in der Kandidaten-Vorauswahl f\u00fcr die Fernsehshow <em>&#8222;Wer wird Million\u00e4r?&#8220;<\/em>\u00a0gefragt wurde, was ich mit der Million machen w\u00fcrde &#8211; so ich sie denn gewinnen w\u00fcrde. Angesichts einer solchen finanziellen Gr\u00f6\u00dfenordnung kam mein lange gehegtes Projekt der\u00a0<a title=\"Projekt Gl\u00fccksarche\" href=\"http:\/\/dilettanti.eu\/?page_id=690\">GL\u00dcCK<sup>S<\/sup>ARCHE<\/a> wieder ins Bewusstsein!<\/p>\n<p style=\"text-align: justify;\">Der Ausgang ist einigen von Euch bereits bekannt. (\u2192<em><a title=\"Warum ich unbedingt \u201cMillion\u00e4r\u201d werden wollte \u2026\" href=\"http:\/\/dilettanti.eu\/?p=1\">Warum ich unbedingt &#8218;Million\u00e4r&#8216; werden wollte..<\/a><a title=\"Warum ich unbedingt \u201cMillion\u00e4r\u201d werden wollte \u2026\" href=\"http:\/\/dilettanti.eu\/?p=1\">.<\/a><\/em>)<\/p>\n<p style=\"text-align: justify;\">Die Realisation dieses Projekts muss jetzt also noch etwas warten, aber nicht <strong>die Verbreitung von Informationen zur Dringlichkeit eines Paradigmenwechsels in unserer Gesellschaft und den L\u00f6sungsans\u00e4tzen bekannter und weniger bekannter Umdenker.<\/strong>\u00a0<strong>Daf\u00fcr gibt es nun f\u00fcr&#8217;s Erste diesen Blog.<\/strong><\/p>\n<p style=\"text-align: justify;\"><span style=\"line-height: 1.714285714; font-size: 1rem;\">Es ist h\u00f6chste Zeit, dass sich die immer weiter \u00f6ffnende Schere zwischen dem bestehenden Wirtschafts- &amp; Wertesystemen und den eigentlichen <em>menschlichen<\/em> Bed\u00fcrfnissen wieder schlie\u00dft. <strong>Grenzenloses Wachstum auf einem begrenzten Planeten? Wie soll das weiter funktionieren?<\/strong> Seit einem Vierteljahrhundert verbrauchen wir mehr Ressourcen, als uns die Erde zur Verf\u00fcgung stellen kann (\u2192Blogbeitr\u00e4ge <em><a title=\"Earth Overshoot Day \u2013 Tag der Erd\u00fcberschuldung\" href=\"http:\/\/dilettanti.eu\/?p=3224\">Earth Overschoot Day &#8211; Tag der Erd\u00fcberschuldung<\/a><\/em>, <em><a title=\"Earth Overshoot Day 2014 \u2013 Aktualisierung\" href=\"http:\/\/dilettanti.eu\/?p=3596\">Earth Overschoot Day \u00a02014 &#8211; Aktualisierung<\/a>, <a title=\"\u201cAb heute leben wir auf Pump\u2026\u201d bearbeiten\" href=\"http:\/\/dilettanti.eu\/wp-admin\/post.php?post=5318&amp;action=edit\">Ab heute leben wir auf Pump\u2026<\/a><\/em>).<\/span><\/p>\n<p style=\"text-align: center;\"><em><strong>Wachstum um des Wachstums willen ist die Ideologie der Krebszelle.<\/strong><\/em><br \/>\n(<a href=\"http:\/\/de.wikipedia.org\/wiki\/Edward_Abbey\">Edward Abbey<\/a>)<\/p>\n<p style=\"text-align: justify;\">Besonders in der letzten Zeit habe ich gemerkt, dass die Menschen, mit denen ich mich unterhalte, nur darauf warten, dass etwas Entscheidendes passiert, dass sich endlich etwas in dieser Richtung tut.<\/p>\n<p style=\"text-align: justify;\">Ich denke, dass wir dies nur erleben d\u00fcrfen, wenn wir bei uns selbst anfangen. <strong>Denn die \u00c4nderung kann nur aus der Gesellschaft &#8211; aus uns &#8211; heraus vollzogen werden.\u00a0<\/strong><strong>Und der Mut diesen Weg zu gehen lohnt sich ganz gewiss.<\/strong><\/p>\n<p style=\"text-align: justify;\">Nach dem berufsbegleitendem Abschluss zur Kinderpflegerin arbeitete ich ab 2016 in Kindertageseinrichtungen<strong>, <\/strong>dar\u00fcber hinaus als<a href=\"http:\/\/www.yogamobil.info\"><strong> Personal Yoga Coach<\/strong><\/a> f\u00fcr Kinder und Erwachsene und seit 2020 bin ich mit gro\u00dfer Begeisterung als Lehrkraft f\u00fcr Kinder mit besonderem F\u00f6rderbedarf an Grund- und Mittelschulen t\u00e4tig.<\/p>\n","protected":false},"excerpt":{"rendered":"<p>Mein Name ist Iris Liedl. Seit fr\u00fchester Jugend \u2013 und besonders seit meinem BWL-Studium in Bayreuth (Schwerpunkte: Marketing &amp; Personalmanagement) \u2013 gilt mein besonderes Interesse dem Menschen, seinen Bed\u00fcrfnissen und seinen Motivationen. Vor allem das Buch Haben oder Sein\u00a0von Erich Fromm\u00a0(\u2192Blogbeitrag\u00a0Haben oder Sein) war f\u00fcr mich hier eine pers\u00f6nliche Initialz\u00fcndung. Gleich zu Beginn meiner beruflichen [&hellip;]<\/p>\n","protected":false},"author":1,"featured_media":0,"parent":3347,"menu_order":1,"comment_status":"closed","ping_status":"closed","template":"","meta":[],"_links":{"self":[{"href":"https:\/\/dilettanti.eu\/index.php?rest_route=\/wp\/v2\/pages\/118"}],"collection":[{"href":"https:\/\/dilettanti.eu\/index.php?rest_route=\/wp\/v2\/pages"}],"about":[{"href":"https:\/\/dilettanti.eu\/index.php?rest_route=\/wp\/v2\/types\/page"}],"author":[{"embeddable":true,"href":"https:\/\/dilettanti.eu\/index.php?rest_route=\/wp\/v2\/users\/1"}],"replies":[{"embeddable":true,"href":"https:\/\/dilettanti.eu\/index.php?rest_route=%2Fwp%2Fv2%2Fcomments&post=118"}],"version-history":[{"count":206,"href":"https:\/\/dilettanti.eu\/index.php?rest_route=\/wp\/v2\/pages\/118\/revisions"}],"predecessor-version":[{"id":7024,"href":"https:\/\/dilettanti.eu\/index.php?rest_route=\/wp\/v2\/pages\/118\/revisions\/7024"}],"up":[{"embeddable":true,"href":"https:\/\/dilettanti.eu\/index.php?rest_route=\/wp\/v2\/pages\/3347"}],"wp:attachment":[{"href":"https:\/\/dilettanti.eu\/index.php?rest_route=%2Fwp%2Fv2%2Fmedia&parent=118"}],"curies":[{"name":"wp","href":"https:\/\/api.w.org\/{rel}","templated":true}]}}